{"id":2453,"date":"2021-02-23T11:15:09","date_gmt":"2021-02-23T11:15:09","guid":{"rendered":"https:\/\/www.zagorkatours.eu\/?page_id=2453"},"modified":"2021-05-12T10:32:18","modified_gmt":"2021-05-12T10:32:18","slug":"transfer","status":"publish","type":"page","link":"https:\/\/www.zagorkatours.eu\/de\/transfer\/","title":{"rendered":"Transfer"},"content":{"rendered":"<p>[vc_row full_width=&#8220;stretch_row&#8220;][vc_column offset=&#8220;vc_col-md-6&#8243;]<div class=\"cz_eqh cz_content_box_parent_fx  z99\"><div id=\"cz_24616\" class=\"cz_24616 cz_content_box clr\"><div class=\"cz_box_front clr\"><div class=\"cz_box_front_inner clr \"><span><\/span><div><div class=\"cz_gap clr \" style=\"height: 30px\"><\/div><div id=\"cz_68664\" class=\"cz_68664 cz_title clr cz_title_pos_inline\"><div class=\"cz_title_content\"><div class=\"cz_wpe_content\"><p>Liebe G\u00e4ste,<br \/>\nwenden Sie sich an uns mit Vertrauen, wenn Sie Transfer vom Flughafen zum Hotel oder umgekehrt brauchen. Dank unseren langj\u00e4hrigen Gesch\u00e4ftspartnern k\u00f6nnen wir Ihnen eine hervorragende Transferdienstleistung oder Assistenz eines Reisevertreters sicherstellen, der Sie am Flughafen abholen und Ihnen beim Transfer oder Check-In im Hotel behilflich sein kann, ungeachtet dessen, ob Sie mit einer Gruppe reisen oder ein Alleinreisender sind.<\/p>\n<p>Noch dazu bieten wir Ihnen Dienstleistungen eines unserer zuverl\u00e4ssigen, erfahrenen und vortrefflichen Reisef\u00fchrer an, wenn Sie eine Besichtigung Zagrebs oder einer anderen Stadt in Kroatien machen wollen.<\/p>\n<\/div><\/div><\/div><div class=\"cz_gap clr  hide_on_tablet hide_on_mobile\" style=\"height: 10px\"><\/div><div class=\"cz_gap show_on_tablet clr  show_only_tablet\" style=\"height: 10px\"><\/div><div class=\"cz_gap show_on_mobile clr\" style=\"height: 10px\"><\/div><div id=\"cz_59366\" class=\"cz_59366 cz_title clr cz_title_pos_inline\"><div class=\"cz_title_content\"><div class=\"cz_wpe_content\"><p><strong><u>Wir bieten Ihnen die komplette Dienstleistung an:<\/u><\/strong><\/p>\n<\/div><\/div><\/div><ul id=\"cz_109463\" class=\"cz_109463 cz_stylish_list clr cz_sl_icon_hover_none\"><li class=\"clr\"><div class=\"cz_sl_icon\"><i class=\"fa fa-chevron-right mr10\"><\/i><\/div><div><span>Bef\u00f6rderung\/Transfer je nach Ihren W\u00fcnschen<\/span><\/div><\/li><li class=\"clr\"><div class=\"cz_sl_icon\"><i class=\"fa fa-chevron-right mr10\"><\/i><\/div><div><span>Assistenz eines deutschsprachigen Reisevertreters <\/span><\/div><\/li><li class=\"clr\"><div class=\"cz_sl_icon\"><i class=\"fa fa-chevron-right mr10\"><\/i><\/div><div><span>Abholen der Gruppe\/des Alleinreisenden am Flughafen <\/span><\/div><\/li><li class=\"clr\"><div class=\"cz_sl_icon\"><i class=\"fa fa-chevron-right mr10\"><\/i><\/div><div><span>lizenzierte deutschsprachige Reisef\u00fchrer f\u00fcr die Besichtigung der Stadt Zagreb<\/span><\/div><\/li><\/ul><div id=\"cz_104369\" class=\"cz_104369 cz_title clr cz_title_pos_inline\"><div class=\"cz_title_content\"><div class=\"cz_wpe_content\"><p>Entspannen und erholen Sie sich und die Organisation k\u00f6nnen Sie ohne Sorgen uns \u00fcberlassen! F\u00fcr jede weitere Information hinsichtlich Ihres Aufenthalts in Kroatien stehen wir Ihnen gerne zur Verf\u00fcgung.<\/p>\n<\/div><\/div><\/div><\/div><\/div><\/div><\/div><\/div>[\/vc_column][vc_column offset=&#8220;vc_col-md-6&#8243;]<div id=\"cz_24277\" class=\"cz_24277 cz_image clr cz_image_no_fx center_on_mobile\"><div class=\"\" ><div class=\"cz_image_in\"><div class=\"cz_main_image\"><img width=\"1200\" height=\"900\" src=\"data:image\/svg+xml,%3Csvg%20xmlns%3D&#39;http%3A%2F%2Fwww.w3.org%2F2000%2Fsvg&#39;%20width=&#39;1200&#39;%20height=&#39;900&#39;%20viewBox%3D&#39;0%200%201200%20900&#39;%2F%3E\" data-czlz data-src=\"https:\/\/www.zagorkatours.eu\/wp-content\/uploads\/2021\/05\/IMG_20210508_105711.jpg\" class=\"attachment-full\" alt=\"\" loading=\"lazy\" title=\"IMG_20210508_105711\" data-srcset=\"https:\/\/www.zagorkatours.eu\/wp-content\/uploads\/2021\/05\/IMG_20210508_105711.jpg 1200w, https:\/\/www.zagorkatours.eu\/wp-content\/uploads\/2021\/05\/IMG_20210508_105711-300x225.jpg 300w, https:\/\/www.zagorkatours.eu\/wp-content\/uploads\/2021\/05\/IMG_20210508_105711-1024x768.jpg 1024w, https:\/\/www.zagorkatours.eu\/wp-content\/uploads\/2021\/05\/IMG_20210508_105711-768x576.jpg 768w, https:\/\/www.zagorkatours.eu\/wp-content\/uploads\/2021\/05\/IMG_20210508_105711-600x450.jpg 600w\" data-sizes=\"(max-width: 1200px) 100vw, 1200px\" \/><\/div><\/div><\/div><\/div>[\/vc_column][\/vc_row][vc_row css=&#8220;.vc_custom_1556484376874{margin-top: -80px !important;}&#8220;][vc_column]<div class=\"cz_gap clr  hide_on_tablet hide_on_mobile\" style=\"height: 50px\"><\/div><div class=\"cz_gap show_on_tablet clr  show_only_tablet\" style=\"height: 30px\"><\/div><div class=\"cz_gap show_on_mobile clr\" style=\"height: 20px\"><\/div>[\/vc_column][\/vc_row][vc_row][vc_column width=&#8220;1\/2&#8243;]<div id=\"cz_69810\" class=\"cz_69810 cz_title clr cz_title_pos_inline\"><div class=\"cz_title_content\"><div class=\"cz_wpe_content\"><p><strong>PREISE F\u00dcR DIE ASSISTENZ DES REISEBEGLEITERS BEIM TRANSFER<\/strong><\/p>\n<\/div><\/div><\/div>[vc_column_text]<\/p>\n<table>\n<tbody>\n<tr>\n<td width=\"310\">Transfer bis zu 1 Stunde (bis 49 Personen)<\/td>\n<td width=\"310\">45 Euro<\/td>\n<\/tr>\n<tr>\n<td width=\"310\">Transfer bis zu 2 Stunden (bis 49 Personen)<\/td>\n<td width=\"310\">55 Euro<\/td>\n<\/tr>\n<tr>\n<td width=\"310\">Aufenthalt mit G\u00e4sten oder Warten (pro Stunde)<\/td>\n<td width=\"310\">25 Euro<\/td>\n<\/tr>\n<\/tbody>\n<\/table>\n<p>[\/vc_column_text][\/vc_column][vc_column width=&#8220;1\/2&#8243;]<div id=\"cz_102518\" class=\"cz_102518 cz_title clr cz_title_pos_inline\"><div class=\"cz_title_content\"><div class=\"cz_wpe_content\"><h3>Unser Fuhrpark<\/h3>\n<\/div><\/div><\/div><div class=\"cz_gap clr  hide_on_tablet hide_on_mobile\" style=\"height: 10px\"><\/div><div class=\"cz_gap show_on_tablet clr  show_only_tablet\" style=\"height: 5px\"><\/div><div class=\"cz_gap show_on_mobile clr\" style=\"height: 5px\"><\/div><ul id=\"cz_62493\" class=\"cz_62493 cz_stylish_list clr cz_sl_icon_hover_none\"><li class=\"clr\"><div class=\"cz_sl_icon\"><i class=\"fa fa-chevron-right mr10\"><\/i><\/div><div><span>Auto \u2013 4 Sitze<\/span><\/div><\/li><li class=\"clr\"><div class=\"cz_sl_icon\"><i class=\"fa fa-chevron-right mr10\"><\/i><\/div><div><span>Kombi \u2013 8 Sitze<\/span><\/div><\/li><li class=\"clr\"><div class=\"cz_sl_icon\"><i class=\"fa fa-chevron-right mr10\"><\/i><\/div><div><span>Sprinter \u2013 16\u201319 Sitze<\/span><\/div><\/li><li class=\"clr\"><div class=\"cz_sl_icon\"><i class=\"fa fa-chevron-right mr10\"><\/i><\/div><div><span>Kleinbus \u2013 20-25 Sitze<\/span><\/div><\/li><li class=\"clr\"><div class=\"cz_sl_icon\"><i class=\"fa fa-chevron-right mr10\"><\/i><\/div><div><span>Bus \u2013 37-59 Sitze<\/span><\/div><\/li><li class=\"clr\"><div class=\"cz_sl_icon\"><i class=\"fa fa-chevron-right mr10\"><\/i><\/div><div><span>Bus \u2013  59-83 Sitze<\/span><\/div><\/li><\/ul>[\/vc_column][\/vc_row][vc_row css=&#8220;.vc_custom_1556484376874{margin-top: -80px !important;}&#8220;][vc_column]<div class=\"cz_gap clr  hide_on_tablet hide_on_mobile\" style=\"height: 20px\"><\/div><div class=\"cz_gap show_on_tablet clr  show_only_tablet\" style=\"height: 20px\"><\/div><div class=\"cz_gap show_on_mobile clr\" style=\"height: 20px\"><\/div>[\/vc_column][\/vc_row][vc_row][vc_column width=&#8220;1\/3&#8243;]<div id=\"cz_76883\" class=\"cz_76883 cz_image clr cz_image_no_fx center_on_mobile\"><div class=\"\" ><div class=\"cz_image_in\"><div class=\"cz_main_image\"><img width=\"1200\" height=\"901\" src=\"data:image\/svg+xml,%3Csvg%20xmlns%3D&#39;http%3A%2F%2Fwww.w3.org%2F2000%2Fsvg&#39;%20width=&#39;1200&#39;%20height=&#39;901&#39;%20viewBox%3D&#39;0%200%201200%20901&#39;%2F%3E\" data-czlz data-src=\"https:\/\/www.zagorkatours.eu\/wp-content\/uploads\/2021\/03\/Kombi-VIVARO-81.jpg\" class=\"attachment-full\" alt=\"\" loading=\"lazy\" title=\"Kombi VIVARO 8+1\" data-srcset=\"https:\/\/www.zagorkatours.eu\/wp-content\/uploads\/2021\/03\/Kombi-VIVARO-81.jpg 1200w, https:\/\/www.zagorkatours.eu\/wp-content\/uploads\/2021\/03\/Kombi-VIVARO-81-300x225.jpg 300w, https:\/\/www.zagorkatours.eu\/wp-content\/uploads\/2021\/03\/Kombi-VIVARO-81-1024x769.jpg 1024w, https:\/\/www.zagorkatours.eu\/wp-content\/uploads\/2021\/03\/Kombi-VIVARO-81-768x577.jpg 768w, https:\/\/www.zagorkatours.eu\/wp-content\/uploads\/2021\/03\/Kombi-VIVARO-81-600x451.jpg 600w\" data-sizes=\"(max-width: 1200px) 100vw, 1200px\" \/><\/div><\/div><\/div><\/div>[vc_column_text]<\/p>\n<h4 style=\"text-align: center;\">Kombi Vivaro &#8211; 8+1<\/h4>\n<p style=\"text-align: center;\">(8 Fahrgastsitze)<\/p>\n<p>[\/vc_column_text][\/vc_column][vc_column width=&#8220;1\/3&#8243;]<div id=\"cz_67902\" class=\"cz_67902 cz_image clr cz_image_no_fx center_on_mobile\"><div class=\"\" ><div class=\"cz_image_in\"><div class=\"cz_main_image\"><img width=\"1200\" height=\"900\" src=\"data:image\/svg+xml,%3Csvg%20xmlns%3D&#39;http%3A%2F%2Fwww.w3.org%2F2000%2Fsvg&#39;%20width=&#39;1200&#39;%20height=&#39;900&#39;%20viewBox%3D&#39;0%200%201200%20900&#39;%2F%3E\" data-czlz data-src=\"https:\/\/www.zagorkatours.eu\/wp-content\/uploads\/2021\/03\/Mercedes-Sprinter.jpg\" class=\"attachment-full\" alt=\"\" loading=\"lazy\" title=\"Mercedes Sprinter\" data-srcset=\"https:\/\/www.zagorkatours.eu\/wp-content\/uploads\/2021\/03\/Mercedes-Sprinter.jpg 1200w, https:\/\/www.zagorkatours.eu\/wp-content\/uploads\/2021\/03\/Mercedes-Sprinter-300x225.jpg 300w, https:\/\/www.zagorkatours.eu\/wp-content\/uploads\/2021\/03\/Mercedes-Sprinter-1024x768.jpg 1024w, https:\/\/www.zagorkatours.eu\/wp-content\/uploads\/2021\/03\/Mercedes-Sprinter-768x576.jpg 768w, https:\/\/www.zagorkatours.eu\/wp-content\/uploads\/2021\/03\/Mercedes-Sprinter-600x450.jpg 600w\" data-sizes=\"(max-width: 1200px) 100vw, 1200px\" \/><\/div><\/div><\/div><\/div>[vc_column_text]<\/p>\n<h4 style=\"text-align: center;\">Mercedes Luxus &#8211; 8+1<\/h4>\n<p style=\"text-align: center;\">(8 Fahrgastsitze)<\/p>\n<p>[\/vc_column_text][\/vc_column][vc_column width=&#8220;1\/3&#8243;]<div id=\"cz_73049\" class=\"cz_73049 cz_image clr cz_image_no_fx center_on_mobile\"><div class=\"\" ><div class=\"cz_image_in\"><div class=\"cz_main_image\"><img width=\"1200\" height=\"901\" src=\"data:image\/svg+xml,%3Csvg%20xmlns%3D&#39;http%3A%2F%2Fwww.w3.org%2F2000%2Fsvg&#39;%20width=&#39;1200&#39;%20height=&#39;901&#39;%20viewBox%3D&#39;0%200%201200%20901&#39;%2F%3E\" data-czlz data-src=\"https:\/\/www.zagorkatours.eu\/wp-content\/uploads\/2021\/03\/Mercedes-V-klasa.jpg\" class=\"attachment-full\" alt=\"\" loading=\"lazy\" title=\"Mercedes V klasa\" data-srcset=\"https:\/\/www.zagorkatours.eu\/wp-content\/uploads\/2021\/03\/Mercedes-V-klasa.jpg 1200w, https:\/\/www.zagorkatours.eu\/wp-content\/uploads\/2021\/03\/Mercedes-V-klasa-300x225.jpg 300w, https:\/\/www.zagorkatours.eu\/wp-content\/uploads\/2021\/03\/Mercedes-V-klasa-1024x769.jpg 1024w, https:\/\/www.zagorkatours.eu\/wp-content\/uploads\/2021\/03\/Mercedes-V-klasa-768x577.jpg 768w, https:\/\/www.zagorkatours.eu\/wp-content\/uploads\/2021\/03\/Mercedes-V-klasa-600x451.jpg 600w\" data-sizes=\"(max-width: 1200px) 100vw, 1200px\" \/><\/div><\/div><\/div><\/div>[vc_column_text]<\/p>\n<h4 style=\"text-align: center;\">Mercedes V Klasse Luxus &#8211; 7+1<\/h4>\n<p style=\"text-align: center;\">(7 Fahrgastsitze)<\/p>\n<p>[\/vc_column_text][\/vc_column][\/vc_row][vc_row][vc_column width=&#8220;1\/3&#8243;]<div id=\"cz_22161\" class=\"cz_22161 cz_image clr cz_image_no_fx center_on_mobile\"><div class=\"\" ><div class=\"cz_image_in\"><div class=\"cz_main_image\"><img width=\"1200\" height=\"901\" src=\"data:image\/svg+xml,%3Csvg%20xmlns%3D&#39;http%3A%2F%2Fwww.w3.org%2F2000%2Fsvg&#39;%20width=&#39;1200&#39;%20height=&#39;901&#39;%20viewBox%3D&#39;0%200%201200%20901&#39;%2F%3E\" data-czlz data-src=\"https:\/\/www.zagorkatours.eu\/wp-content\/uploads\/2021\/03\/Mini-bus-20.jpg\" class=\"attachment-full\" alt=\"\" loading=\"lazy\" title=\"Mini bus 20\" data-srcset=\"https:\/\/www.zagorkatours.eu\/wp-content\/uploads\/2021\/03\/Mini-bus-20.jpg 1200w, https:\/\/www.zagorkatours.eu\/wp-content\/uploads\/2021\/03\/Mini-bus-20-300x225.jpg 300w, https:\/\/www.zagorkatours.eu\/wp-content\/uploads\/2021\/03\/Mini-bus-20-1024x769.jpg 1024w, https:\/\/www.zagorkatours.eu\/wp-content\/uploads\/2021\/03\/Mini-bus-20-768x577.jpg 768w, https:\/\/www.zagorkatours.eu\/wp-content\/uploads\/2021\/03\/Mini-bus-20-600x451.jpg 600w\" data-sizes=\"(max-width: 1200px) 100vw, 1200px\" \/><\/div><\/div><\/div><\/div>[vc_column_text]<\/p>\n<h4 style=\"text-align: center;\">Iveco Sprinter &#8211; 19+1<\/h4>\n<p style=\"text-align: center;\">(19 Fahrgastsitze)<\/p>\n<p>[\/vc_column_text][\/vc_column][vc_column width=&#8220;1\/3&#8243;]<div id=\"cz_41026\" class=\"cz_41026 cz_image clr cz_image_no_fx center_on_mobile\"><div class=\"\" ><div class=\"cz_image_in\"><div class=\"cz_main_image\"><img width=\"895\" height=\"649\" src=\"data:image\/svg+xml,%3Csvg%20xmlns%3D&#39;http%3A%2F%2Fwww.w3.org%2F2000%2Fsvg&#39;%20width=&#39;895&#39;%20height=&#39;649&#39;%20viewBox%3D&#39;0%200%20895%20649&#39;%2F%3E\" data-czlz data-src=\"https:\/\/www.zagorkatours.eu\/wp-content\/uploads\/2021\/03\/mala-slika-1.jpg\" class=\"attachment-full\" alt=\"\" loading=\"lazy\" title=\"mala slika\" data-srcset=\"https:\/\/www.zagorkatours.eu\/wp-content\/uploads\/2021\/03\/mala-slika-1.jpg 895w, https:\/\/www.zagorkatours.eu\/wp-content\/uploads\/2021\/03\/mala-slika-1-300x218.jpg 300w, https:\/\/www.zagorkatours.eu\/wp-content\/uploads\/2021\/03\/mala-slika-1-768x557.jpg 768w, https:\/\/www.zagorkatours.eu\/wp-content\/uploads\/2021\/03\/mala-slika-1-600x435.jpg 600w\" data-sizes=\"(max-width: 895px) 100vw, 895px\" \/><\/div><\/div><\/div><\/div>[vc_column_text]<\/p>\n<h4 style=\"text-align: center;\">Mercedes Sprinter &#8211; 18+1<\/h4>\n<p style=\"text-align: center;\">(18 Fahrgastsitze)<\/p>\n<p>[\/vc_column_text][\/vc_column][vc_column width=&#8220;1\/3&#8243;]<div id=\"cz_43759\" class=\"cz_43759 cz_image clr cz_image_no_fx center_on_mobile\"><div class=\"\" ><div class=\"cz_image_in\"><div class=\"cz_main_image\"><img width=\"640\" height=\"480\" src=\"data:image\/svg+xml,%3Csvg%20xmlns%3D&#39;http%3A%2F%2Fwww.w3.org%2F2000%2Fsvg&#39;%20width=&#39;640&#39;%20height=&#39;480&#39;%20viewBox%3D&#39;0%200%20640%20480&#39;%2F%3E\" data-czlz data-src=\"https:\/\/www.zagorkatours.eu\/wp-content\/uploads\/2021\/03\/Setra-smanjeno.jpg\" class=\"attachment-full\" alt=\"\" loading=\"lazy\" title=\"Setra - smanjeno\" data-srcset=\"https:\/\/www.zagorkatours.eu\/wp-content\/uploads\/2021\/03\/Setra-smanjeno.jpg 640w, https:\/\/www.zagorkatours.eu\/wp-content\/uploads\/2021\/03\/Setra-smanjeno-300x225.jpg 300w, https:\/\/www.zagorkatours.eu\/wp-content\/uploads\/2021\/03\/Setra-smanjeno-600x450.jpg 600w\" data-sizes=\"(max-width: 640px) 100vw, 640px\" \/><\/div><\/div><\/div><\/div>[vc_column_text]<\/p>\n<h4 style=\"text-align: center;\">Setra 515 HD &#8211; 51+2+1<\/h4>\n<p style=\"text-align: center;\">(51 Fahrgastsitze)<\/p>\n<p>[\/vc_column_text][\/vc_column][\/vc_row][vc_row][vc_column width=&#8220;1\/3&#8243;]<div id=\"cz_74298\" class=\"cz_74298 cz_image clr cz_image_no_fx center_on_mobile\"><div class=\"\" ><div class=\"cz_image_in\"><div class=\"cz_main_image\"><img width=\"1200\" height=\"900\" src=\"data:image\/svg+xml,%3Csvg%20xmlns%3D&#39;http%3A%2F%2Fwww.w3.org%2F2000%2Fsvg&#39;%20width=&#39;1200&#39;%20height=&#39;900&#39;%20viewBox%3D&#39;0%200%201200%20900&#39;%2F%3E\" data-czlz data-src=\"https:\/\/www.zagorkatours.eu\/wp-content\/uploads\/2021\/03\/Katnjak-smanjeno.jpg\" class=\"attachment-full\" alt=\"\" loading=\"lazy\" title=\"Katnjak - smanjeno\" data-srcset=\"https:\/\/www.zagorkatours.eu\/wp-content\/uploads\/2021\/03\/Katnjak-smanjeno.jpg 1200w, https:\/\/www.zagorkatours.eu\/wp-content\/uploads\/2021\/03\/Katnjak-smanjeno-300x225.jpg 300w, https:\/\/www.zagorkatours.eu\/wp-content\/uploads\/2021\/03\/Katnjak-smanjeno-1024x768.jpg 1024w, https:\/\/www.zagorkatours.eu\/wp-content\/uploads\/2021\/03\/Katnjak-smanjeno-768x576.jpg 768w, https:\/\/www.zagorkatours.eu\/wp-content\/uploads\/2021\/03\/Katnjak-smanjeno-600x450.jpg 600w\" data-sizes=\"(max-width: 1200px) 100vw, 1200px\" \/><\/div><\/div><\/div><\/div>[vc_column_text]<\/p>\n<h4 style=\"text-align: center;\">Setra &#8211; 83+1+1<\/h4>\n<p style=\"text-align: center;\">(83 Fahrgastsitze)<\/p>\n<p>[\/vc_column_text][\/vc_column][\/vc_row]<\/p>\n","protected":false},"excerpt":{"rendered":"<p>[vc_row full_width=&#8220;stretch_row&#8220;][vc_column offset=&#8220;vc_col-md-6&#8243;][\/vc_column][vc_column offset=&#8220;vc_col-md-6&#8243;][\/vc_column][\/vc_row][vc_row css=&#8220;.vc_custom_1556484376874{margin-top: -80px !important;}&#8220;][vc_column][\/vc_column][\/vc_row][vc_row][vc_column width=&#8220;1\/2&#8243;][vc_column_text] Transfer bis zu &#8230; <\/p>\n","protected":false},"author":1,"featured_media":0,"parent":0,"menu_order":0,"comment_status":"closed","ping_status":"closed","template":"","meta":[],"_links":{"self":[{"href":"https:\/\/www.zagorkatours.eu\/de\/wp-json\/wp\/v2\/pages\/2453"}],"collection":[{"href":"https:\/\/www.zagorkatours.eu\/de\/wp-json\/wp\/v2\/pages"}],"about":[{"href":"https:\/\/www.zagorkatours.eu\/de\/wp-json\/wp\/v2\/types\/page"}],"author":[{"embeddable":true,"href":"https:\/\/www.zagorkatours.eu\/de\/wp-json\/wp\/v2\/users\/1"}],"replies":[{"embeddable":true,"href":"https:\/\/www.zagorkatours.eu\/de\/wp-json\/wp\/v2\/comments?post=2453"}],"version-history":[{"count":20,"href":"https:\/\/www.zagorkatours.eu\/de\/wp-json\/wp\/v2\/pages\/2453\/revisions"}],"predecessor-version":[{"id":2635,"href":"https:\/\/www.zagorkatours.eu\/de\/wp-json\/wp\/v2\/pages\/2453\/revisions\/2635"}],"wp:attachment":[{"href":"https:\/\/www.zagorkatours.eu\/de\/wp-json\/wp\/v2\/media?parent=2453"}],"curies":[{"name":"wp","href":"https:\/\/api.w.org\/{rel}","templated":true}]}}