{"id":2422,"date":"2021-02-23T09:29:51","date_gmt":"2021-02-23T09:29:51","guid":{"rendered":"https:\/\/www.zagorkatours.eu\/?page_id=2422"},"modified":"2021-05-28T13:12:01","modified_gmt":"2021-05-28T13:12:01","slug":"reiseleiter-team","status":"publish","type":"page","link":"https:\/\/www.zagorkatours.eu\/de\/reiseleiter-team\/","title":{"rendered":"Reiseleiter &#8211; Team"},"content":{"rendered":"<p>[vc_row][vc_column width=&#8220;1\/3&#8243;]<div id=\"cz_78648\" class=\"cz_78648 cz_image clr cz_image_no_fx center_on_mobile\"><div class=\"\" ><div class=\"cz_image_in\"><div class=\"cz_main_image\"><img width=\"720\" height=\"1280\" src=\"data:image\/svg+xml,%3Csvg%20xmlns%3D&#39;http%3A%2F%2Fwww.w3.org%2F2000%2Fsvg&#39;%20width=&#39;720&#39;%20height=&#39;1280&#39;%20viewBox%3D&#39;0%200%20720%201280&#39;%2F%3E\" data-czlz data-src=\"https:\/\/www.zagorkatours.eu\/wp-content\/uploads\/2021\/03\/69518387_105042584214109_6201604438059122688_o.jpg\" class=\"attachment-full\" alt=\"\" loading=\"lazy\" title=\"69518387_105042584214109_6201604438059122688_o\" data-srcset=\"https:\/\/www.zagorkatours.eu\/wp-content\/uploads\/2021\/03\/69518387_105042584214109_6201604438059122688_o.jpg 720w, https:\/\/www.zagorkatours.eu\/wp-content\/uploads\/2021\/03\/69518387_105042584214109_6201604438059122688_o-169x300.jpg 169w, https:\/\/www.zagorkatours.eu\/wp-content\/uploads\/2021\/03\/69518387_105042584214109_6201604438059122688_o-576x1024.jpg 576w, https:\/\/www.zagorkatours.eu\/wp-content\/uploads\/2021\/03\/69518387_105042584214109_6201604438059122688_o-600x1067.jpg 600w\" data-sizes=\"(max-width: 720px) 100vw, 720px\" \/><\/div><\/div><\/div><\/div>[\/vc_column][vc_column width=&#8220;2\/3&#8243;][vc_column_text]<\/p>\n<h3>Unser Reiseleiter &#8211; Team<\/h3>\n<p>In unserem Reiseleiter-Team sind staatlich gepr\u00fcfte, lizenzierte, erfahrene, freundliche und fr\u00f6hliche Menschen, die ihre Arbeit mit gro\u00dfer Liebe, Begeisterung und Professionalit\u00e4t tun.<\/p>\n<p>Jeder unserer Reiseleiter ist Expert auf seinem Gebiet, hat seine eigenen Orte, die er besonders mag und die er Ihnen gerne zeigt.<\/p>\n<p>Jemand liebt seine Stadt, jemand einen besonderen Ort, jemand liebt Spaziergang durch die Stadt, die anderen Wandern oder Radfahren, manche auch spielen und kost\u00fcmieren. Mit jedem von ihnen werden Sie etwas neues erleben, das in Ihren sch\u00f6nen Erinnerungen bleiben wird.<\/p>\n<p>Wenn Sie die Hauptstadt Zagreb, andere St\u00e4dte in Kroatien oder in den Nachbarl\u00e4ndern sehen m\u00f6chten, haben wir einen Stadtf\u00fchrer f\u00fcr Sie!<\/p>\n<h6>Herzliche Gr\u00fc\u00dfe von unserem Reiseleiter-Team!<\/h6>\n<p>Gerne stellen wir Ihnen unsere Reiseleiter und Reiseleiterinnen hier vor.[\/vc_column_text][\/vc_column][\/vc_row][vc_row][vc_column width=&#8220;1\/3&#8243;]<div id=\"cz_49008\" class=\"cz_49008 cz_image clr cz_image_no_fx center_on_mobile\"><div class=\"\" ><div class=\"cz_image_in\"><div class=\"cz_main_image\"><img width=\"480\" height=\"640\" src=\"data:image\/svg+xml,%3Csvg%20xmlns%3D&#39;http%3A%2F%2Fwww.w3.org%2F2000%2Fsvg&#39;%20width=&#39;480&#39;%20height=&#39;640&#39;%20viewBox%3D&#39;0%200%20480%20640&#39;%2F%3E\" data-czlz data-src=\"https:\/\/www.zagorkatours.eu\/wp-content\/uploads\/2021\/03\/Almina-slika.jpg\" class=\"attachment-full\" alt=\"\" loading=\"lazy\" title=\"Almina - slika\" data-srcset=\"https:\/\/www.zagorkatours.eu\/wp-content\/uploads\/2021\/03\/Almina-slika.jpg 480w, https:\/\/www.zagorkatours.eu\/wp-content\/uploads\/2021\/03\/Almina-slika-225x300.jpg 225w\" data-sizes=\"(max-width: 480px) 100vw, 480px\" \/><\/div><\/div><\/div><\/div>[\/vc_column][vc_column width=&#8220;2\/3&#8243;][vc_column_text]<\/p>\n<h5>Almina Babi\u0107-M\u00fcckenschnabl<\/h5>\n<p>Ich hei\u00dfe Almina Babi\u0107-M\u00fcckenschnabl und arbeite seit acht Jahren professionell als lizenzierter Reiseleiter und Begleiter f\u00fcr Istrien, Zagreb und ganz Kroatien. Dazu zahlen auch die Reisen durch Slowenien, Bosnien und Herzegowina, Montenegro und Serbien.<\/p>\n<p>In Passau in Deutschland habe ich Kunstgeschichte studiert. Die Wanderungen im K\u00fcstengebirge sind f\u00fcr sie ein sch\u00f6ner Kontrast zu meiner Arbeit als Stadtf\u00fchrerin.<\/p>\n<p>Ich arbeite in zwei Sprachgebieten, Englisch und Deutsch, und arbeite seit Jahren mit G\u00e4sten aus Asien, Amerika und Europa.<\/p>\n<p>Liebe Gr\u00fc\u00dfe aus Zagreb,<\/p>\n<p>Almina[\/vc_column_text][\/vc_column][\/vc_row][vc_row][vc_column width=&#8220;1\/3&#8243;]<div id=\"cz_29261\" class=\"cz_29261 cz_image clr cz_image_no_fx center_on_mobile\"><div class=\"\" ><div class=\"cz_image_in\"><div class=\"cz_main_image\"><img width=\"900\" height=\"1200\" src=\"data:image\/svg+xml,%3Csvg%20xmlns%3D&#39;http%3A%2F%2Fwww.w3.org%2F2000%2Fsvg&#39;%20width=&#39;900&#39;%20height=&#39;1200&#39;%20viewBox%3D&#39;0%200%20900%201200&#39;%2F%3E\" data-czlz data-src=\"https:\/\/www.zagorkatours.eu\/wp-content\/uploads\/2021\/03\/Barbie-1.jpg\" class=\"attachment-full\" alt=\"\" loading=\"lazy\" title=\"Barbie 1\" data-srcset=\"https:\/\/www.zagorkatours.eu\/wp-content\/uploads\/2021\/03\/Barbie-1.jpg 900w, https:\/\/www.zagorkatours.eu\/wp-content\/uploads\/2021\/03\/Barbie-1-225x300.jpg 225w, https:\/\/www.zagorkatours.eu\/wp-content\/uploads\/2021\/03\/Barbie-1-768x1024.jpg 768w, https:\/\/www.zagorkatours.eu\/wp-content\/uploads\/2021\/03\/Barbie-1-600x800.jpg 600w\" data-sizes=\"(max-width: 900px) 100vw, 900px\" \/><\/div><\/div><\/div><\/div>[\/vc_column][vc_column width=&#8220;2\/3&#8243;][vc_column_text]<\/p>\n<h5>Mladenka Juri\u0161i\u0107<\/h5>\n<p>Mein Name ist Mladenka Juri\u0161i\u0107 und bin seit 9 Jahren staatlich gepr\u00fcfte Reiseleiterin in Istrien.<\/p>\n<p>Ich mag den Umgang mit Menschen und freue mich jedes Mal, wenn ich der Gruppe, die Kultursch\u00e4tze, die Natursch\u00f6nheiten und die Geschichte Istriens pr\u00e4sentieren kann.<\/p>\n<p>Liebe Gr\u00fc\u00dfe aus Pula,<\/p>\n<p>Mladenka[\/vc_column_text][\/vc_column][\/vc_row][vc_row][vc_column width=&#8220;1\/3&#8243;]<div id=\"cz_57987\" class=\"cz_57987 cz_image clr cz_image_no_fx center_on_mobile\"><div class=\"\" ><div class=\"cz_image_in\"><div class=\"cz_main_image\"><img width=\"398\" height=\"511\" src=\"data:image\/svg+xml,%3Csvg%20xmlns%3D&#39;http%3A%2F%2Fwww.w3.org%2F2000%2Fsvg&#39;%20width=&#39;398&#39;%20height=&#39;511&#39;%20viewBox%3D&#39;0%200%20398%20511&#39;%2F%3E\" data-czlz data-src=\"https:\/\/www.zagorkatours.eu\/wp-content\/uploads\/2021\/03\/20210307_163923.jpg\" class=\"attachment-full\" alt=\"\" loading=\"lazy\" title=\"20210307_163923\" data-srcset=\"https:\/\/www.zagorkatours.eu\/wp-content\/uploads\/2021\/03\/20210307_163923.jpg 398w, https:\/\/www.zagorkatours.eu\/wp-content\/uploads\/2021\/03\/20210307_163923-234x300.jpg 234w\" data-sizes=\"(max-width: 398px) 100vw, 398px\" \/><\/div><\/div><\/div><\/div>[\/vc_column][vc_column width=&#8220;2\/3&#8243;][vc_column_text]<\/p>\n<h5>Tatjana Kristi\u0107<\/h5>\n<p>Ich liebe meinen Job sehr, und Umgang mit G\u00e4sten macht mir viel Spa\u00df und Freude.<\/p>\n<p>Ich habe langj\u00e4hrige Erfahrung und bin f\u00fcr diese Gespanschaften lizenziert: Istrien, Primorje-Gorski Kotar, Split-Dalmatien, \u0160ibenik-Knin, Stadt Zagreb.<\/p>\n<p>Meine Sprachen: Kroatisch, Deutsch<\/p>\n<p>Mit mir oder einem meiner Kollegen k\u00f6nnen Sie die Sch\u00f6nheiten meines Landes genie\u00dfen.<\/p>\n<p>Liebe Gr\u00fc\u00dfe aus Rijeka,<\/p>\n<p>Tatjana[\/vc_column_text][\/vc_column][\/vc_row][vc_row][vc_column width=&#8220;1\/3&#8243;]<div id=\"cz_28985\" class=\"cz_28985 cz_image clr cz_image_no_fx center_on_mobile\"><div class=\"\" ><div class=\"cz_image_in\"><div class=\"cz_main_image\"><img width=\"720\" height=\"960\" src=\"data:image\/svg+xml,%3Csvg%20xmlns%3D&#39;http%3A%2F%2Fwww.w3.org%2F2000%2Fsvg&#39;%20width=&#39;720&#39;%20height=&#39;960&#39;%20viewBox%3D&#39;0%200%20720%20960&#39;%2F%3E\" data-czlz data-src=\"https:\/\/www.zagorkatours.eu\/wp-content\/uploads\/2021\/03\/Zorana.jpg\" class=\"attachment-full\" alt=\"\" loading=\"lazy\" title=\"Zorana\" data-srcset=\"https:\/\/www.zagorkatours.eu\/wp-content\/uploads\/2021\/03\/Zorana.jpg 720w, https:\/\/www.zagorkatours.eu\/wp-content\/uploads\/2021\/03\/Zorana-225x300.jpg 225w, https:\/\/www.zagorkatours.eu\/wp-content\/uploads\/2021\/03\/Zorana-600x800.jpg 600w\" data-sizes=\"(max-width: 720px) 100vw, 720px\" \/><\/div><\/div><\/div><\/div>[\/vc_column][vc_column width=&#8220;2\/3&#8243;][vc_column_text]<\/p>\n<h5>Zorana Poljan<\/h5>\n<p>Mein Name ist Zorana Poljan und bin seit 12 Jahren in Beruf als Staatlich gepr\u00fcfte Reisef\u00fchrerin t\u00e4tig.<br \/>\nAu\u00dfer Stadt Vara\u017edin, besitze ich Lizenz f\u00fcr 11 andere Gespanschaften Kroatiens.<br \/>\nIch freue mich auf jeder Besuch deutschsprachiger Touristen in meine Geburtsstadt Vara\u017edin.<br \/>\nSchweitzer haben auch viel freude wenn alles zuh\u00f6ren k\u00f6nnen auf Schweizerdeutsch, sagen oft wir f\u00fchlen uns wie zu Hause.<br \/>\nBin sehr viel auch mit Kroatische Touristen unterwegs im Ausland, aber komme sehr gerne wieder zur\u00fcck in meine Stadt und ich zeige es \u00a0Ihnen gerne warum.<\/p>\n<p>Freundliche Gr\u00fcsse aus Vara\u017edin,<\/p>\n<p>Zorana<\/p>\n<p>[\/vc_column_text][\/vc_column][\/vc_row][vc_row][vc_column width=&#8220;1\/3&#8243;]<div id=\"cz_26607\" class=\"cz_26607 cz_image clr cz_image_no_fx center_on_mobile\"><div class=\"\" ><div class=\"cz_image_in\"><div class=\"cz_main_image\"><img width=\"720\" height=\"960\" src=\"data:image\/svg+xml,%3Csvg%20xmlns%3D&#39;http%3A%2F%2Fwww.w3.org%2F2000%2Fsvg&#39;%20width=&#39;720&#39;%20height=&#39;960&#39;%20viewBox%3D&#39;0%200%20720%20960&#39;%2F%3E\" data-czlz data-src=\"https:\/\/www.zagorkatours.eu\/wp-content\/uploads\/2021\/03\/received_270495047874315.jpeg\" class=\"attachment-full\" alt=\"\" loading=\"lazy\" title=\"received_270495047874315\" data-srcset=\"https:\/\/www.zagorkatours.eu\/wp-content\/uploads\/2021\/03\/received_270495047874315.jpeg 720w, https:\/\/www.zagorkatours.eu\/wp-content\/uploads\/2021\/03\/received_270495047874315-225x300.jpeg 225w, https:\/\/www.zagorkatours.eu\/wp-content\/uploads\/2021\/03\/received_270495047874315-600x800.jpeg 600w\" data-sizes=\"(max-width: 720px) 100vw, 720px\" \/><\/div><\/div><\/div><\/div>[\/vc_column][vc_column width=&#8220;2\/3&#8243;][vc_column_text]<\/p>\n<h5>Tatjana Lojovi\u0107<\/h5>\n<p>Hallo, herzlich willkommen in Serbien und Montenegro.<\/p>\n<p>Ich bin Reiseleiterin Tanya und ich freue mich sehr da\u00df ich Ihnen Serbien und Montenegro vorstellen kann.<\/p>\n<p>Ich arbeite schon 25 Jahren und bin eine erfahrene und humorvolle Reiseleiterin.<\/p>\n<p>Ich spaziere, lese und reise sehr gerne.<\/p>\n<p>Viele Gr\u00fc\u00dfe aus Belgrad,<\/p>\n<p>Tanya<\/p>\n<p>&nbsp;<\/p>\n<p>[\/vc_column_text][\/vc_column][\/vc_row][vc_row][vc_column width=&#8220;1\/3&#8243;]<div id=\"cz_80360\" class=\"cz_80360 cz_image clr cz_image_no_fx center_on_mobile\"><div class=\"\" ><div class=\"cz_image_in\"><div class=\"cz_main_image\"><img width=\"720\" height=\"724\" src=\"data:image\/svg+xml,%3Csvg%20xmlns%3D&#39;http%3A%2F%2Fwww.w3.org%2F2000%2Fsvg&#39;%20width=&#39;720&#39;%20height=&#39;724&#39;%20viewBox%3D&#39;0%200%20720%20724&#39;%2F%3E\" data-czlz data-src=\"https:\/\/www.zagorkatours.eu\/wp-content\/uploads\/2021\/05\/FB_IMG_1607465893128.jpg\" class=\"attachment-full\" alt=\"\" loading=\"lazy\" title=\"FB_IMG_1607465893128\" data-srcset=\"https:\/\/www.zagorkatours.eu\/wp-content\/uploads\/2021\/05\/FB_IMG_1607465893128.jpg 720w, https:\/\/www.zagorkatours.eu\/wp-content\/uploads\/2021\/05\/FB_IMG_1607465893128-298x300.jpg 298w, https:\/\/www.zagorkatours.eu\/wp-content\/uploads\/2021\/05\/FB_IMG_1607465893128-150x150.jpg 150w, https:\/\/www.zagorkatours.eu\/wp-content\/uploads\/2021\/05\/FB_IMG_1607465893128-600x603.jpg 600w\" data-sizes=\"(max-width: 720px) 100vw, 720px\" \/><\/div><\/div><\/div><\/div>[\/vc_column][vc_column width=&#8220;2\/3&#8243;][vc_column_text]<\/p>\n<h5>Ondina Pifar<\/h5>\n<p>Ich bin so gl\u00fccklich in so wundesch\u00f6nem Land geboren zu sein&#8230;<\/p>\n<p>Ich werde Ihnen gerne viel interesantes zeigen und erz\u00e4hlen&#8230;<\/p>\n<p>&nbsp;<\/p>\n<p>Liebe Gr\u00fc\u00dfe aus Rijeka,<\/p>\n<p>Ondina<\/p>\n<p>[\/vc_column_text][\/vc_column][\/vc_row][vc_row][vc_column width=&#8220;1\/3&#8243;]<div id=\"cz_53302\" class=\"cz_53302 cz_image clr cz_image_no_fx center_on_mobile\"><div class=\"\" ><div class=\"cz_image_in\"><div class=\"cz_main_image\"><img width=\"900\" height=\"1031\" src=\"data:image\/svg+xml,%3Csvg%20xmlns%3D&#39;http%3A%2F%2Fwww.w3.org%2F2000%2Fsvg&#39;%20width=&#39;900&#39;%20height=&#39;1031&#39;%20viewBox%3D&#39;0%200%20900%201031&#39;%2F%3E\" data-czlz data-src=\"https:\/\/www.zagorkatours.eu\/wp-content\/uploads\/2021\/05\/na-kavi.jpg\" class=\"attachment-full\" alt=\"\" loading=\"lazy\" title=\"na kavi\" data-srcset=\"https:\/\/www.zagorkatours.eu\/wp-content\/uploads\/2021\/05\/na-kavi.jpg 900w, https:\/\/www.zagorkatours.eu\/wp-content\/uploads\/2021\/05\/na-kavi-262x300.jpg 262w, https:\/\/www.zagorkatours.eu\/wp-content\/uploads\/2021\/05\/na-kavi-894x1024.jpg 894w, https:\/\/www.zagorkatours.eu\/wp-content\/uploads\/2021\/05\/na-kavi-768x880.jpg 768w, https:\/\/www.zagorkatours.eu\/wp-content\/uploads\/2021\/05\/na-kavi-600x687.jpg 600w\" data-sizes=\"(max-width: 900px) 100vw, 900px\" \/><\/div><\/div><\/div><\/div>[\/vc_column][vc_column width=&#8220;2\/3&#8243;][vc_column_text]<\/p>\n<h5>Tanja Atlija<\/h5>\n<p>Sehr geehrte Damen und Herren, willkommen in Kroatien !<\/p>\n<p>Mein Name ist Tanja Atlija und schon mehr als 20 Jahren bin ich lizenzierte Reisef\u00fchrerin und Reisebegleiterin f\u00fcr 14 Gespanschaften Kroatiens.<\/p>\n<p>Meine Sprachen sind Kroatisch, Deutsch und English, gerne mache ich Rundreisen.<\/p>\n<p>Viele tolle Geschichten kann ich Ihnen erz\u00e4hlen und interesante Orte zeigen, nur m\u00fcssen Sie Kroatien besuchen.<\/p>\n<p>Liebe Gr\u00fc\u00dfe aus Bjelovar \u2013 Maria Theresien Stadt.<\/p>\n<p>Tanja<\/p>\n<p>&nbsp;<\/p>\n<p>[\/vc_column_text][\/vc_column][\/vc_row]<\/p>\n","protected":false},"excerpt":{"rendered":"<p>[vc_row][vc_column width=&#8220;1\/3&#8243;][\/vc_column][vc_column width=&#8220;2\/3&#8243;][vc_column_text] Unser Reiseleiter &#8211; Team In unserem Reiseleiter-Team sind &#8230; <\/p>\n","protected":false},"author":1,"featured_media":0,"parent":0,"menu_order":0,"comment_status":"closed","ping_status":"closed","template":"","meta":[],"_links":{"self":[{"href":"https:\/\/www.zagorkatours.eu\/de\/wp-json\/wp\/v2\/pages\/2422"}],"collection":[{"href":"https:\/\/www.zagorkatours.eu\/de\/wp-json\/wp\/v2\/pages"}],"about":[{"href":"https:\/\/www.zagorkatours.eu\/de\/wp-json\/wp\/v2\/types\/page"}],"author":[{"embeddable":true,"href":"https:\/\/www.zagorkatours.eu\/de\/wp-json\/wp\/v2\/users\/1"}],"replies":[{"embeddable":true,"href":"https:\/\/www.zagorkatours.eu\/de\/wp-json\/wp\/v2\/comments?post=2422"}],"version-history":[{"count":17,"href":"https:\/\/www.zagorkatours.eu\/de\/wp-json\/wp\/v2\/pages\/2422\/revisions"}],"predecessor-version":[{"id":2653,"href":"https:\/\/www.zagorkatours.eu\/de\/wp-json\/wp\/v2\/pages\/2422\/revisions\/2653"}],"wp:attachment":[{"href":"https:\/\/www.zagorkatours.eu\/de\/wp-json\/wp\/v2\/media?parent=2422"}],"curies":[{"name":"wp","href":"https:\/\/api.w.org\/{rel}","templated":true}]}}