{"id":2409,"date":"2021-02-23T09:17:08","date_gmt":"2021-02-23T09:17:08","guid":{"rendered":"https:\/\/www.zagorkatours.eu\/?page_id=2409"},"modified":"2025-02-26T08:51:33","modified_gmt":"2025-02-26T08:51:33","slug":"ueber-uns","status":"publish","type":"page","link":"https:\/\/www.zagorkatours.eu\/de\/ueber-uns\/","title":{"rendered":"\u00dcber uns"},"content":{"rendered":"<p>[vc_row full_width=&#8220;stretch_row&#8220;][vc_column offset=&#8220;vc_col-md-6&#8243;]<div class=\"cz_eqh cz_content_box_parent_fx  z99\"><div id=\"cz_24616\" class=\"cz_24616 cz_content_box clr\"><div class=\"cz_box_front clr\"><div class=\"cz_box_front_inner clr \"><span><\/span><div><div id=\"cz_105736\" class=\"cz_105736 cz_title clr cz_smart_fs cz_mobile_text_center cz_title_pos_inline\"><div class=\"cz_title_shape shape_square cz_shape_1\"><\/div><div class=\"cz_title_shape shape_square cz_shape_2\"><\/div><div class=\"cz_title_content\"><div class=\"cz_wpe_content\"><h3><span style=\"font-weight: 300;\"><span style=\"color: rgba(42, 44, 123, 0.35);\">\u00dcber uns<\/span><br \/>\n<\/span><\/h3>\n<p>&nbsp;<\/p>\n<h2><span style=\"font-weight: bold;\">ZAGORKA tours j.d.o.o.<\/span><\/h2>\n<\/div><\/div><\/div><div class=\"cz_gap clr \" style=\"height: 30px\"><\/div><div id=\"cz_90035\" class=\"cz_90035 cz_title clr cz_title_pos_inline\"><div class=\"cz_title_content\"><div class=\"cz_wpe_content\"><p>Unsere Tourismus-Geschichte begann noch im Jahre 1987, die immer noch dauert dank gro\u00dfer Professionalit\u00e4t und Liebe f\u00fcr diese Arbeit.<\/p>\n<\/div><\/div><\/div><div class=\"cz_gap clr  hide_on_tablet hide_on_mobile\" style=\"height: 10px\"><\/div><div class=\"cz_gap show_on_tablet clr  show_only_tablet\" style=\"height: 10px\"><\/div><div class=\"cz_gap show_on_mobile clr\" style=\"height: 10px\"><\/div><ul id=\"cz_79594\" class=\"cz_79594 cz_stylish_list clr cz_sl_icon_hover_none\"><li class=\"clr\"><div class=\"cz_sl_icon\"><i class=\"fa fa-chevron-right mr10\"><\/i><\/div><div><span>Langj\u00e4hrige Erfahrung<\/span><\/div><\/li><li class=\"clr\"><div class=\"cz_sl_icon\"><i class=\"fa fa-chevron-right mr10\"><\/i><\/div><div><span>Spezialist f\u00fcr Reisen in Kroatien und anderen Balkanl\u00e4nder<\/span><\/div><\/li><li class=\"clr\"><div class=\"cz_sl_icon\"><i class=\"fa fa-chevron-right mr10\"><\/i><\/div><div><span>Staatlich gepr\u00fcfte Reiseleiter-Team mit viel Erfahrung<\/span><\/div><\/li><li class=\"clr\"><div class=\"cz_sl_icon\"><i class=\"fa fa-chevron-right mr10\"><\/i><\/div><div><span>Wir stehen Ihnen jederzeit zur Verf\u00fcgung 24\/7<\/span><\/div><\/li><\/ul><\/div><\/div><\/div><\/div><\/div>[\/vc_column][vc_column offset=&#8220;vc_col-md-6&#8243;]<div id=\"cz_80462\" class=\"cz_80462 cz_image clr cz_image_no_fx center_on_mobile\"><div class=\"\" ><div class=\"cz_image_in\"><div class=\"cz_main_image\"><img width=\"1280\" height=\"853\" src=\"data:image\/svg+xml,%3Csvg%20xmlns%3D&#39;http%3A%2F%2Fwww.w3.org%2F2000%2Fsvg&#39;%20width=&#39;1280&#39;%20height=&#39;853&#39;%20viewBox%3D&#39;0%200%201280%20853&#39;%2F%3E\" data-czlz data-src=\"https:\/\/www.zagorkatours.eu\/wp-content\/uploads\/2020\/04\/zagreb.jpg\" class=\"attachment-full\" alt=\"\" loading=\"lazy\" title=\"zagreb\" data-srcset=\"https:\/\/www.zagorkatours.eu\/wp-content\/uploads\/2020\/04\/zagreb.jpg 1280w, https:\/\/www.zagorkatours.eu\/wp-content\/uploads\/2020\/04\/zagreb-300x200.jpg 300w, https:\/\/www.zagorkatours.eu\/wp-content\/uploads\/2020\/04\/zagreb-768x512.jpg 768w, https:\/\/www.zagorkatours.eu\/wp-content\/uploads\/2020\/04\/zagreb-1024x682.jpg 1024w, https:\/\/www.zagorkatours.eu\/wp-content\/uploads\/2020\/04\/zagreb-600x400.jpg 600w\" data-sizes=\"(max-width: 1280px) 100vw, 1280px\" \/><\/div><\/div><\/div><\/div>[\/vc_column][\/vc_row][vc_row css=&#8220;.vc_custom_1556484376874{margin-top: -80px !important;}&#8220;][vc_column]<div class=\"cz_gap clr  hide_on_tablet hide_on_mobile\" style=\"height: 50px\"><\/div><div class=\"cz_gap show_on_tablet clr  show_only_tablet\" style=\"height: 30px\"><\/div><div class=\"cz_gap show_on_mobile clr\" style=\"height: 20px\"><\/div>[\/vc_column][\/vc_row][vc_row][vc_column width=&#8220;1\/2&#8243;]<div id=\"cz_100150\" class=\"cz_100150 cz_title clr cz_title_pos_inline\"><div class=\"cz_title_content\"><div class=\"cz_wpe_content\"><h3>Wir bieten Ihnen:<\/h3>\n<\/div><\/div><\/div><ul id=\"cz_74784\" class=\"cz_74784 cz_stylish_list clr cz_sl_icon_hover_none\"><li class=\"clr\"><div class=\"cz_sl_icon\"><i class=\"fa fa-chevron-right mr10\"><\/i><\/div><div><span>Transfer und Assistenz am Flughafen<\/span><\/div><\/li><li class=\"clr\"><div class=\"cz_sl_icon\"><i class=\"fa fa-chevron-right mr10\"><\/i><\/div><div><span>Stadtf\u00fchrung<\/span><\/div><\/li><li class=\"clr\"><div class=\"cz_sl_icon\"><i class=\"fa fa-chevron-right mr10\"><\/i><\/div><div><span>Riesebegleitung<\/span><\/div><\/li><li class=\"clr\"><div class=\"cz_sl_icon\"><i class=\"fa fa-chevron-right mr10\"><\/i><\/div><div><span>Wir stehen Ihnen sowohl bei der Planung als auch w\u00e4hrend Ihres Aufenthaltes mit Rat und Tat zur Seite<\/span><\/div><\/li><\/ul>[\/vc_column][vc_column width=&#8220;1\/2&#8243;]<div id=\"cz_81309\" class=\"cz_81309 cz_title clr cz_title_pos_inline\"><div class=\"cz_title_content\"><div class=\"cz_wpe_content\"><p>Unser Team und unsere zuverl\u00e4ssige langj\u00e4hrige Gesch\u00e4ftspartner und Mitarbeiter sind jederzeit f\u00fcr Sie da!<\/p>\n<p>Mit gro\u00dfem Vergn\u00fcgen und gro\u00dfer Liebe werden wir jede Anfrage von Ihnen beantworten, Ihren W\u00fcnschen entgegenkommen, Ihnen notwendige Informationen liefern und bei der Reiseauswahl helfen.<\/p>\n<p>Wir sind davon \u00fcberzeugt, dass unsere langj\u00e4hrige Arbeit im Tourismus, Professionalit\u00e4t, Kenntnisse und reiche Erfahrung genug sein werden, um Ihre Reise angenehm, fr\u00f6hlich und unvergesslich gestalten zu k\u00f6nnen!<\/p>\n<p>Wir freuen uns auf Ihre Anfragen!<\/p>\n<p>Mit freundlichen Gr\u00fc\u00dfen,<br \/>\nZAGORKA tours<\/p>\n<\/div><\/div><\/div><div class=\"cz_gap clr  hide_on_tablet hide_on_mobile\" style=\"height: 20px\"><\/div><div class=\"cz_gap show_on_tablet clr  show_only_tablet\" style=\"height: 20px\"><\/div><div class=\"cz_gap show_on_mobile clr\" style=\"height: 20px\"><\/div>[\/vc_column][\/vc_row][vc_row css=&#8220;.vc_custom_1556484376874{margin-top: -80px !important;}&#8220;][vc_column]<div class=\"cz_gap clr  hide_on_tablet hide_on_mobile\" style=\"height: 20px\"><\/div><div class=\"cz_gap show_on_tablet clr  show_only_tablet\" style=\"height: 20px\"><\/div><div class=\"cz_gap show_on_mobile clr\" style=\"height: 20px\"><\/div>[\/vc_column][\/vc_row]<\/p>\n","protected":false},"excerpt":{"rendered":"<p>[vc_row full_width=&#8220;stretch_row&#8220;][vc_column offset=&#8220;vc_col-md-6&#8243;][\/vc_column][vc_column offset=&#8220;vc_col-md-6&#8243;][\/vc_column][\/vc_row][vc_row css=&#8220;.vc_custom_1556484376874{margin-top: -80px !important;}&#8220;][vc_column][\/vc_column][\/vc_row][vc_row][vc_column width=&#8220;1\/2&#8243;][\/vc_column][vc_column width=&#8220;1\/2&#8243;][\/vc_column][\/vc_row][vc_row css=&#8220;.vc_custom_1556484376874{margin-top: -80px &#8230; <\/p>\n","protected":false},"author":1,"featured_media":0,"parent":0,"menu_order":0,"comment_status":"closed","ping_status":"closed","template":"","meta":[],"_links":{"self":[{"href":"https:\/\/www.zagorkatours.eu\/de\/wp-json\/wp\/v2\/pages\/2409"}],"collection":[{"href":"https:\/\/www.zagorkatours.eu\/de\/wp-json\/wp\/v2\/pages"}],"about":[{"href":"https:\/\/www.zagorkatours.eu\/de\/wp-json\/wp\/v2\/types\/page"}],"author":[{"embeddable":true,"href":"https:\/\/www.zagorkatours.eu\/de\/wp-json\/wp\/v2\/users\/1"}],"replies":[{"embeddable":true,"href":"https:\/\/www.zagorkatours.eu\/de\/wp-json\/wp\/v2\/comments?post=2409"}],"version-history":[{"count":7,"href":"https:\/\/www.zagorkatours.eu\/de\/wp-json\/wp\/v2\/pages\/2409\/revisions"}],"predecessor-version":[{"id":7269,"href":"https:\/\/www.zagorkatours.eu\/de\/wp-json\/wp\/v2\/pages\/2409\/revisions\/7269"}],"wp:attachment":[{"href":"https:\/\/www.zagorkatours.eu\/de\/wp-json\/wp\/v2\/media?parent=2409"}],"curies":[{"name":"wp","href":"https:\/\/api.w.org\/{rel}","templated":true}]}}