{"id":1886,"date":"2020-05-06T06:39:15","date_gmt":"2020-05-06T06:39:15","guid":{"rendered":"https:\/\/www.zagorkatours.eu\/reiseversicherung\/"},"modified":"2020-05-06T06:39:15","modified_gmt":"2020-05-06T06:39:15","slug":"reiseversicherung","status":"publish","type":"page","link":"https:\/\/www.zagorkatours.eu\/de\/reiseversicherung\/","title":{"rendered":"Reiseversicherung"},"content":{"rendered":"<p>[vc_row][vc_column]<div class=\"cz_gap clr \" style=\"height: 50px\"><\/div>[vc_row_inner el_id=&#8220;#podaci&#8220;][vc_column_inner][vc_column_text]<strong><u>PUTNO OSIGURANJE<\/u><\/strong><\/p>\n<p>Na\u0161a turisti\u010dka agencija posluje sa osiguravaju\u0107om ku\u0107om WIENER, te prema Zakonu o pru\u017eanju usluga u turizmu, du\u017eni smo svojim putnicima ponuditi putno osiguranje.<\/p>\n<p>Cijena putnog osiguranja ovisi o nekoliko faktora (cijena aran\u017emana\/grupno, obiteljsko ili pojednina\u010dno i dr.), te Vam agencija prilikom upita daje i Ponudu za osiguranje.<\/p>\n<p>Ukoliko se odlu\u010dite za Policu osiguranja, ista se upla\u0107uje odmah kod rezervacije aran\u017emana.<\/p>\n<p><u>Za izradu Police osiguranja potrebno nam je dostaviti slijede\u0107e podatke:<\/u><\/p>\n<ul>\n<li>Puno ime i prezime (ono koje Vam je upisano na dokumentima Osobna ili Putovnica)<\/li>\n<li>Adresu<\/li>\n<li>OIB<\/li>\n<li>Datum ro\u0111enja<\/li>\n<\/ul>\n<p><strong><u>PUTNO OSIGURANJE KOJE MO\u017dETE UGOVORITI:<\/u><\/strong><\/p>\n<ul>\n<li>Pojedina\u010dno putno osiguranje<\/li>\n<li>PAKET PUTNOG OSIGURANJA<\/li>\n<\/ul>\n<p><strong><u>VRSTE PUTNOG OSIGURANJA:<\/u><\/strong><\/p>\n<ul>\n<li>Putno zdravstveno osiguranje<\/li>\n<li>Osiguranje prtljage<\/li>\n<li>Osiguranje putnika od posljedica nesretnog slu\u010daja<\/li>\n<li>Osiguranje od privatne odgovornosti<\/li>\n<li>Osiguranje od otkaza putovanja<\/li>\n<\/ul>\n<p>Sve vrste osiguranja mo\u017eete ugovoriti kod nas na tel. 01 2794 020 ili na mail: <a href=\"mailto:info@zagorkatours.eu\">info@zagorkatours.eu<\/a><\/p>\n<p><strong><u>OSIGURANJE ZA SLU\u010cAJ PLATNE NEMOGU\u0106NOSTI ILI STE\u010cAJA ORGANIZATORA PUTOVANJA<\/u><\/strong><\/p>\n<p>Sukladno Zakonu o pru\u017eanju usluga u turizmu, turisti\u010dka agencija ZAGORKA tours je sa osiguravaju\u0107om ku\u0107om WIENER sklopila Ugovor o osiguranju za slu\u010daj platne nemogu\u0107nosti ili ste\u010daja organizatora putovanja zbog kojeg usluga putovanja izostane, odnosno radi naknade tro\u0161kova povratka Putnika u mjesto polaska. U slu\u010daju nastanka osiguranog slu\u010daja Putnik treba kontaktirati WIENER osiguravaju\u0107u ku\u0107u VIG d.d (Broj police jam\u010devnog osiguranja:\u00a0 1501 &#8211; 00000920). Ovaj Dokument\/Polica vrijedi kao Potvrda o osiguranju za slu\u010daj ste\u010daja ili platne nemogu\u0107nosti organizatora putovanja.<\/p>\n<p><strong><u>OSIGURANJE OD ODGOVORNOSTI<\/u><\/strong><\/p>\n<p>Sukladno Zakonu o pru\u017eanju usluga u turizmu, turisti\u010dka agencija ZAGORKA tours ima kod osiguravaju\u0107eg dru\u0161tva WIENER OSIGURANJE VIG d.d, sklopljen Ugovor o osiguranju od odgovornosti za \u0161tetu koju prouzro\u010di putniku neispunjenjem, djelomi\u010dnim ispunjenjem ili neurednim ispunjenjem obveza, Broj Police:\u00a0 1322 \u2013 00047876.<\/p>\n<p>&nbsp;<\/p>\n<p><strong><u>WIENER OSIGURANJE &#8211; VIENNA INSURANCE GROUP d.d. <\/u><\/strong><\/p>\n<p>Vi\u0161e informacija o Putnim osiguranjima mo\u017eete dobiti na web stranici Wiener osiguranje link[\/vc_column_text][\/vc_column_inner][\/vc_row_inner]<div class=\"cz_gap clr \" style=\"height: 120px\"><\/div>[\/vc_column][\/vc_row]<\/p>\n","protected":false},"excerpt":{"rendered":"<p>[vc_row][vc_column][vc_row_inner el_id=&#8220;#podaci&#8220;][vc_column_inner][vc_column_text]PUTNO OSIGURANJE Na\u0161a turisti\u010dka agencija posluje sa osiguravaju\u0107om ku\u0107om WIENER, &#8230; <\/p>\n","protected":false},"author":1,"featured_media":0,"parent":0,"menu_order":0,"comment_status":"closed","ping_status":"closed","template":"","meta":[],"_links":{"self":[{"href":"https:\/\/www.zagorkatours.eu\/de\/wp-json\/wp\/v2\/pages\/1886"}],"collection":[{"href":"https:\/\/www.zagorkatours.eu\/de\/wp-json\/wp\/v2\/pages"}],"about":[{"href":"https:\/\/www.zagorkatours.eu\/de\/wp-json\/wp\/v2\/types\/page"}],"author":[{"embeddable":true,"href":"https:\/\/www.zagorkatours.eu\/de\/wp-json\/wp\/v2\/users\/1"}],"replies":[{"embeddable":true,"href":"https:\/\/www.zagorkatours.eu\/de\/wp-json\/wp\/v2\/comments?post=1886"}],"version-history":[{"count":0,"href":"https:\/\/www.zagorkatours.eu\/de\/wp-json\/wp\/v2\/pages\/1886\/revisions"}],"wp:attachment":[{"href":"https:\/\/www.zagorkatours.eu\/de\/wp-json\/wp\/v2\/media?parent=1886"}],"curies":[{"name":"wp","href":"https:\/\/api.w.org\/{rel}","templated":true}]}}